{"id":271,"date":"2023-05-01T17:50:28","date_gmt":"2023-05-01T17:50:28","guid":{"rendered":"https:\/\/besarkatuz.eus\/?page_id=271"},"modified":"2023-05-01T17:53:52","modified_gmt":"2023-05-01T17:53:52","slug":"fiscalidad","status":"publish","type":"page","link":"https:\/\/besarkatuz.eus\/?page_id=271","title":{"rendered":"Fiscalidad"},"content":{"rendered":"\n<p>Necesitamos garantizar los recursos necesarios. Y, como ya saben, las diputaciones tenemos el mejor instrumento para poner el autogobierno al servicio del <strong>bienestar<\/strong>: La fiscalidad.<\/p>\n\n\n\n<p>En el a\u00f1o 2013, fruto del acuerdo con el PNV, se realiz\u00f3 una <strong>reforma fiscal<\/strong> que ha dado sus frutos. Ha permitido garantizar ingresos suficientes para el mantenimiento de unos servicios p\u00fablicos de calidad y el apoyo a la econom\u00eda productiva dentro de un marco razonable de progresividad. Los cambios y contingencias como la pandemia y la Guerra de Ucrania han exigido adoptar distintas medidas coyunturales que deben ser evaluadas. Adem\u00e1s, nos enfrentamos a nuevos escenarios que exigen nuevas pol\u00edticas fiscales.<\/p>\n\n\n\n<p>En definitiva, necesitamos y vamos a impulsar una reforma que profundice en la <strong>progresividad<\/strong>, que tenga como compromiso prioritario la l<strong>ucha contra el fraude fiscal<\/strong>, contra la evasi\u00f3n y elusi\u00f3n de impuestos y que genere una fiscalidad que responda a las transiciones tecnol\u00f3gica, medio ambiental y social.<\/p>\n\n\n\n<p>En este sentido es fundamental revisar el verdadero impacto fiscal del sistema de deducciones, bonificaciones y exenciones de los distintos impuestos para que, el gasto fiscal, tambi\u00e9n sea progresivo. Y, sin duda, aplicaremos el <strong>impuesto a las grandes fortunas<\/strong>.<\/p>\n\n\n\n<figure class=\"wp-block-embed is-type-video is-provider-youtube wp-block-embed-youtube wp-embed-aspect-16-9 wp-has-aspect-ratio\"><div class=\"wp-block-embed__wrapper\">\n<div class=\"nv-iframe-embed\"><iframe loading=\"lazy\" title=\"Teresa Laespada. xBizkaia. Fiscalidad\" width=\"1200\" height=\"675\" src=\"https:\/\/www.youtube.com\/embed\/TJLSg0686WY?feature=oembed\" frameborder=\"0\" allow=\"accelerometer; autoplay; clipboard-write; encrypted-media; gyroscope; picture-in-picture; web-share\" allowfullscreen><\/iframe><\/div>\n<\/div><\/figure>\n","protected":false},"excerpt":{"rendered":"<p>Necesitamos garantizar los recursos necesarios. Y, como ya saben, las diputaciones tenemos el mejor instrumento para poner el autogobierno al servicio del bienestar: La fiscalidad. En el a\u00f1o 2013, fruto del acuerdo con el PNV, se realiz\u00f3 una reforma fiscal que ha dado sus frutos. Ha permitido garantizar ingresos suficientes para el mantenimiento de unos&hellip;&nbsp;<a href=\"https:\/\/besarkatuz.eus\/?page_id=271\" class=\"\" rel=\"bookmark\">Leer m\u00e1s &raquo;<span class=\"screen-reader-text\">Fiscalidad<\/span><\/a><\/p>\n","protected":false},"author":2,"featured_media":0,"parent":230,"menu_order":8,"comment_status":"closed","ping_status":"closed","template":"","meta":{"neve_meta_sidebar":"","neve_meta_container":"","neve_meta_enable_content_width":"","neve_meta_content_width":0,"neve_meta_title_alignment":"","neve_meta_author_avatar":"","neve_post_elements_order":"","neve_meta_disable_header":"","neve_meta_disable_footer":"","neve_meta_disable_title":""},"_links":{"self":[{"href":"https:\/\/besarkatuz.eus\/index.php?rest_route=\/wp\/v2\/pages\/271"}],"collection":[{"href":"https:\/\/besarkatuz.eus\/index.php?rest_route=\/wp\/v2\/pages"}],"about":[{"href":"https:\/\/besarkatuz.eus\/index.php?rest_route=\/wp\/v2\/types\/page"}],"author":[{"embeddable":true,"href":"https:\/\/besarkatuz.eus\/index.php?rest_route=\/wp\/v2\/users\/2"}],"replies":[{"embeddable":true,"href":"https:\/\/besarkatuz.eus\/index.php?rest_route=%2Fwp%2Fv2%2Fcomments&post=271"}],"version-history":[{"count":2,"href":"https:\/\/besarkatuz.eus\/index.php?rest_route=\/wp\/v2\/pages\/271\/revisions"}],"predecessor-version":[{"id":273,"href":"https:\/\/besarkatuz.eus\/index.php?rest_route=\/wp\/v2\/pages\/271\/revisions\/273"}],"up":[{"embeddable":true,"href":"https:\/\/besarkatuz.eus\/index.php?rest_route=\/wp\/v2\/pages\/230"}],"wp:attachment":[{"href":"https:\/\/besarkatuz.eus\/index.php?rest_route=%2Fwp%2Fv2%2Fmedia&parent=271"}],"curies":[{"name":"wp","href":"https:\/\/api.w.org\/{rel}","templated":true}]}}