{"id":257,"date":"2023-05-01T17:24:10","date_gmt":"2023-05-01T17:24:10","guid":{"rendered":"https:\/\/besarkatuz.eus\/?page_id=257"},"modified":"2023-05-01T17:29:15","modified_gmt":"2023-05-01T17:29:15","slug":"infraestructuras","status":"publish","type":"page","link":"https:\/\/besarkatuz.eus\/?page_id=257","title":{"rendered":"Infraestructuras"},"content":{"rendered":"\n<p>La sostenibilidad pasa de manera imprescindible por una apuesta por la cohesi\u00f3n territorial y social.<\/p>\n\n\n\n<p>Quiero que las infraestructuras est\u00e9n al servicio de la ciudadan\u00eda. Finalizaremos en los pr\u00f3ximos 4 a\u00f1os la <strong>variante de Ermua<\/strong>. Y tambi\u00e9n vamos a impulsar el <strong>derribo<\/strong> de la <strong>Variante sobre Rekalde<\/strong>. Es una deuda hist\u00f3rica. Tambi\u00e9n es apostar por la Sostenibilidad.<\/p>\n\n\n\n<p>Queremos cohesi\u00f3n territorial. Queremos igualdad de oportunidades para el conjunto de la ciudadan\u00eda vivan en la comarca en la que vivan. Es imprescindible trabajar para que aquellas zonas que peor est\u00e1n reciban mayores aportaciones y soportes. <strong>No puede haber una Bizkaia de dos velocidades<\/strong>.<\/p>\n\n\n\n<figure class=\"wp-block-embed is-type-video is-provider-youtube wp-block-embed-youtube wp-embed-aspect-16-9 wp-has-aspect-ratio\"><div class=\"wp-block-embed__wrapper\">\n<div class=\"nv-iframe-embed\"><iframe loading=\"lazy\" title=\"Teresa Laespada. xBizkaia. Infraestructuras\" width=\"1200\" height=\"675\" src=\"https:\/\/www.youtube.com\/embed\/1oY-xxSHOWI?feature=oembed\" frameborder=\"0\" allow=\"accelerometer; autoplay; clipboard-write; encrypted-media; gyroscope; picture-in-picture; web-share\" allowfullscreen><\/iframe><\/div>\n<\/div><\/figure>\n","protected":false},"excerpt":{"rendered":"<p>La sostenibilidad pasa de manera imprescindible por una apuesta por la cohesi\u00f3n territorial y social. Quiero que las infraestructuras est\u00e9n al servicio de la ciudadan\u00eda. Finalizaremos en los pr\u00f3ximos 4 a\u00f1os la variante de Ermua. Y tambi\u00e9n vamos a impulsar el derribo de la Variante sobre Rekalde. Es una deuda hist\u00f3rica. Tambi\u00e9n es apostar por&hellip;&nbsp;<a href=\"https:\/\/besarkatuz.eus\/?page_id=257\" class=\"\" rel=\"bookmark\">Leer m\u00e1s &raquo;<span class=\"screen-reader-text\">Infraestructuras<\/span><\/a><\/p>\n","protected":false},"author":2,"featured_media":0,"parent":230,"menu_order":5,"comment_status":"closed","ping_status":"closed","template":"","meta":{"neve_meta_sidebar":"","neve_meta_container":"","neve_meta_enable_content_width":"","neve_meta_content_width":0,"neve_meta_title_alignment":"","neve_meta_author_avatar":"","neve_post_elements_order":"","neve_meta_disable_header":"","neve_meta_disable_footer":"","neve_meta_disable_title":""},"_links":{"self":[{"href":"https:\/\/besarkatuz.eus\/index.php?rest_route=\/wp\/v2\/pages\/257"}],"collection":[{"href":"https:\/\/besarkatuz.eus\/index.php?rest_route=\/wp\/v2\/pages"}],"about":[{"href":"https:\/\/besarkatuz.eus\/index.php?rest_route=\/wp\/v2\/types\/page"}],"author":[{"embeddable":true,"href":"https:\/\/besarkatuz.eus\/index.php?rest_route=\/wp\/v2\/users\/2"}],"replies":[{"embeddable":true,"href":"https:\/\/besarkatuz.eus\/index.php?rest_route=%2Fwp%2Fv2%2Fcomments&post=257"}],"version-history":[{"count":2,"href":"https:\/\/besarkatuz.eus\/index.php?rest_route=\/wp\/v2\/pages\/257\/revisions"}],"predecessor-version":[{"id":259,"href":"https:\/\/besarkatuz.eus\/index.php?rest_route=\/wp\/v2\/pages\/257\/revisions\/259"}],"up":[{"embeddable":true,"href":"https:\/\/besarkatuz.eus\/index.php?rest_route=\/wp\/v2\/pages\/230"}],"wp:attachment":[{"href":"https:\/\/besarkatuz.eus\/index.php?rest_route=%2Fwp%2Fv2%2Fmedia&parent=257"}],"curies":[{"name":"wp","href":"https:\/\/api.w.org\/{rel}","templated":true}]}}